{"id":10,"date":"2013-06-12T15:16:30","date_gmt":"2013-06-12T12:16:30","guid":{"rendered":"http:\/\/www.jukintuvankortteeri.fi\/?page_id=10"},"modified":"2023-06-17T08:05:23","modified_gmt":"2023-06-17T05:05:23","slug":"hinnasto","status":"publish","type":"page","link":"https:\/\/www.jukintuvankortteeri.fi\/?page_id=10","title":{"rendered":"Hinnasto"},"content":{"rendered":"<p>Y\u00f6pyminen 35\u20ac (sis. 10% alv)\/ henkil\u00f6 yksityishuoneessa, pariskunta 45\u20ac (sis. 10% alv)\/ huone. 4 hengen huone 60 \u20ac(sis. 10% alv ). Koko kiinteist\u00f6 300 \u20ac(sis. 10% alv)\/vrk\/henkil\u00f6m\u00e4\u00e4r\u00e4 rajoittamaton\/viikonloppu,90 \u20ac vrk\/viikolla, henkil\u00f6m\u00e4\u00e4r\u00e4 rajoittamaton. Lis\u00e4p\u00e4iv\u00e4 viikko- tai viikonloppuvaraukseen 70 \u20ac (sis. 10% alv) Aamupala 6 \u20ac (sis 14% alv)\/henkil\u00f6\u00e4. Savusauna 70 \u20ac (sis. 24% alv.) \/l\u00e4mmitys.\u00a0 Taloa voi varata my\u00f6s kokoustilaksi 25\u20ac (max.3 h. sis 24 % alv). Majoituskauden (1.5-30.9) ulkopuolella lis\u00e4\u00e4mme varaukseen l\u00e4mmitysp\u00e4iv\u00e4n hinnan (hinnaston lis\u00e4p\u00e4iv\u00e4).Karavaanaris\u00e4hk\u00f6 20 \u20ac <\/p>","protected":false},"excerpt":{"rendered":"<p>Y\u00f6pyminen 35\u20ac (sis. 10% alv)\/ henkil\u00f6 yksityishuoneessa, pariskunta 45\u20ac (sis. 10% alv)\/ huone. 4 hengen huone 60 \u20ac(sis. 10% alv ). Koko kiinteist\u00f6 300 \u20ac(sis. 10% alv)\/vrk\/henkil\u00f6m\u00e4\u00e4r\u00e4 rajoittamaton\/viikonloppu,90 \u20ac vrk\/viikolla, henkil\u00f6m\u00e4\u00e4r\u00e4 rajoittamaton. Lis\u00e4p\u00e4iv\u00e4 viikko- tai viikonloppuvaraukseen 70 \u20ac (sis. 10% &hellip; <a href=\"https:\/\/www.jukintuvankortteeri.fi\/?page_id=10\">Lue loppuun <span class=\"meta-nav\">&rarr;<\/span><\/a><\/p>\n","protected":false},"author":1,"featured_media":0,"parent":0,"menu_order":3,"comment_status":"open","ping_status":"open","template":"","meta":[],"_links":{"self":[{"href":"https:\/\/www.jukintuvankortteeri.fi\/index.php?rest_route=\/wp\/v2\/pages\/10"}],"collection":[{"href":"https:\/\/www.jukintuvankortteeri.fi\/index.php?rest_route=\/wp\/v2\/pages"}],"about":[{"href":"https:\/\/www.jukintuvankortteeri.fi\/index.php?rest_route=\/wp\/v2\/types\/page"}],"author":[{"embeddable":true,"href":"https:\/\/www.jukintuvankortteeri.fi\/index.php?rest_route=\/wp\/v2\/users\/1"}],"replies":[{"embeddable":true,"href":"https:\/\/www.jukintuvankortteeri.fi\/index.php?rest_route=%2Fwp%2Fv2%2Fcomments&post=10"}],"version-history":[{"count":26,"href":"https:\/\/www.jukintuvankortteeri.fi\/index.php?rest_route=\/wp\/v2\/pages\/10\/revisions"}],"predecessor-version":[{"id":912,"href":"https:\/\/www.jukintuvankortteeri.fi\/index.php?rest_route=\/wp\/v2\/pages\/10\/revisions\/912"}],"wp:attachment":[{"href":"https:\/\/www.jukintuvankortteeri.fi\/index.php?rest_route=%2Fwp%2Fv2%2Fmedia&parent=10"}],"curies":[{"name":"wp","href":"https:\/\/api.w.org\/{rel}","templated":true}]}}