{"id":11,"date":"2013-06-12T15:16:45","date_gmt":"2013-06-12T12:16:45","guid":{"rendered":"http:\/\/www.jukintuvankortteeri.fi\/?page_id=11"},"modified":"2022-07-27T16:05:09","modified_gmt":"2022-07-27T13:05:09","slug":"kuvat","status":"publish","type":"page","link":"https:\/\/www.jukintuvankortteeri.fi\/?page_id=11","title":{"rendered":"Kuvat"},"content":{"rendered":"<p><a href=\"http:\/\/www.jukintuvankortteeri.fi\/wp-content\/uploads\/2013\/06\/IMG_1426.jpg\" rel=\"lightbox\" > <img loading=\"lazy\" class=\"alignright size-thumbnail wp-image-490\" src=\"http:\/\/www.jukintuvankortteeri.fi\/wp-content\/uploads\/2013\/06\/IMG_1426-150x150.jpg\" alt=\"\" width=\"150\" height=\"150\" \/> <\/a><a href=\"http:\/\/www.jukintuvankortteeri.fi\/wp-content\/uploads\/2013\/06\/kansiaukeama_VEDOS1.jpg\" rel=\"lightbox\" > <img loading=\"lazy\" class=\"wp-image-245 size-thumbnail alignright\" src=\"http:\/\/www.jukintuvankortteeri.fi\/wp-content\/uploads\/2013\/06\/kansiaukeama_VEDOS1-150x150.jpg\" alt=\"kansiaukeama_VEDOS(1)\" width=\"150\" height=\"150\" \/> <\/a><\/p>\n<div id=\"attachment_415\" style=\"width: 160px\" class=\"wp-caption alignleft\"><a href=\"http:\/\/www.jukintuvankortteeri.fi\/wp-content\/uploads\/2013\/06\/cd_VEDOS-kopio.jpg\" rel=\"lightbox\" > <img aria-describedby=\"caption-attachment-415\" loading=\"lazy\" class=\"wp-image-415 size-thumbnail\" src=\"http:\/\/www.jukintuvankortteeri.fi\/wp-content\/uploads\/2013\/06\/cd_VEDOS-kopio-150x150.jpg\" alt=\"\" width=\"150\" height=\"150\" srcset=\"https:\/\/www.jukintuvankortteeri.fi\/wp-content\/uploads\/2013\/06\/cd_VEDOS-kopio-150x150.jpg 150w, https:\/\/www.jukintuvankortteeri.fi\/wp-content\/uploads\/2013\/06\/cd_VEDOS-kopio-300x300.jpg 300w, https:\/\/www.jukintuvankortteeri.fi\/wp-content\/uploads\/2013\/06\/cd_VEDOS-kopio.jpg 697w\" sizes=\"(max-width: 150px) 100vw, 150px\" \/> <\/a><p id=\"caption-attachment-415\" class=\"wp-caption-text\">Uuden levyn kuva<\/p><\/div>\n<div id=\"attachment_416\" style=\"width: 160px\" class=\"wp-caption alignright\"><a href=\"http:\/\/www.jukintuvankortteeri.fi\/wp-content\/uploads\/2013\/06\/takakansi_VEDOS-kopio.jpg\" rel=\"lightbox\" > <img aria-describedby=\"caption-attachment-416\" loading=\"lazy\" class=\"wp-image-416 size-thumbnail\" src=\"http:\/\/www.jukintuvankortteeri.fi\/wp-content\/uploads\/2013\/06\/takakansi_VEDOS-kopio-150x150.jpg\" alt=\"\" width=\"150\" height=\"150\" \/> <\/a><p id=\"caption-attachment-416\" class=\"wp-caption-text\">Uuden levyn kappaleet<\/p><\/div>\n<div id=\"attachment_368\" style=\"width: 160px\" class=\"wp-caption alignright\"><a href=\"http:\/\/www.jukintuvankortteeri.fi\/wp-content\/uploads\/2016\/09\/WP_20160929_12_13_36_Pro.jpg\" rel=\"lightbox\" > <img aria-describedby=\"caption-attachment-368\" loading=\"lazy\" class=\"size-thumbnail wp-image-368\" src=\"http:\/\/www.jukintuvankortteeri.fi\/wp-content\/uploads\/2016\/09\/WP_20160929_12_13_36_Pro-150x150.jpg\" alt=\"Kaskukirja T\u00f6rki\u00e4n kolokon koriaa\" width=\"150\" height=\"150\" \/> <\/a><p id=\"caption-attachment-368\" class=\"wp-caption-text\">Kaskukirja T\u00f6rki\u00e4n kolokon koriaa<\/p><\/div>\n<hr \/>\n<hr \/>\n<div id=\"attachment_305\" style=\"width: 160px\" class=\"wp-caption alignright\"><a href=\"http:\/\/www.jukintuvankortteeri.fi\/wp-content\/uploads\/2013\/06\/WP_20150618_002-kopio.jpg\" rel=\"lightbox\" > <img aria-describedby=\"caption-attachment-305\" loading=\"lazy\" class=\"size-thumbnail wp-image-305\" src=\"http:\/\/www.jukintuvankortteeri.fi\/wp-content\/uploads\/2013\/06\/WP_20150618_002-kopio-150x150.jpg\" alt=\"Ulkorakennus kev\u00e4\u00e4ll\u00e4 2015\" width=\"150\" height=\"150\" \/> <\/a><p id=\"caption-attachment-305\" class=\"wp-caption-text\">Ulkorakennus kev\u00e4\u00e4ll\u00e4 2015<\/p><\/div>\n<div id=\"attachment_304\" style=\"width: 160px\" class=\"wp-caption alignright\"><a href=\"http:\/\/www.jukintuvankortteeri.fi\/wp-content\/uploads\/2013\/06\/WP_20150116_001-kopio.jpg\" rel=\"lightbox\" > <img aria-describedby=\"caption-attachment-304\" loading=\"lazy\" class=\"size-thumbnail wp-image-304\" src=\"http:\/\/www.jukintuvankortteeri.fi\/wp-content\/uploads\/2013\/06\/WP_20150116_001-kopio-150x150.jpg\" alt=\"Pikkukamarin uusi siniharmaa ilme\" width=\"150\" height=\"150\" \/> <\/a><p id=\"caption-attachment-304\" class=\"wp-caption-text\">Pikkukamarin uusi siniharmaa ilme<\/p><\/div>\n\n\t\t<style type=\"text\/css\">\n\t\t\t#gallery-1 {\n\t\t\t\tmargin: auto;\n\t\t\t}\n\t\t\t#gallery-1 .gallery-item {\n\t\t\t\tfloat: left;\n\t\t\t\tmargin-top: 10px;\n\t\t\t\ttext-align: center;\n\t\t\t\twidth: 33%;\n\t\t\t}\n\t\t\t#gallery-1 img {\n\t\t\t\tborder: 2px solid #cfcfcf;\n\t\t\t}\n\t\t\t#gallery-1 .gallery-caption {\n\t\t\t\tmargin-left: 0;\n\t\t\t}\n\t\t\t\/* see gallery_shortcode() in wp-includes\/media.php *\/\n\t\t<\/style>\n\t\t<div id='gallery-1' class='gallery galleryid-11 gallery-columns-3 gallery-size-thumbnail'><dl class='gallery-item'>\n\t\t\t<dt class='gallery-icon portrait'>\n\t\t\t\t<a href='https:\/\/www.jukintuvankortteeri.fi\/?attachment_id=90'><img width=\"150\" height=\"150\" src=\"https:\/\/www.jukintuvankortteeri.fi\/wp-content\/uploads\/2013\/06\/jukintupa1_b-150x150.jpeg\" class=\"attachment-thumbnail size-thumbnail\" alt=\"Jukin ja Miinan kamari\" loading=\"lazy\" aria-describedby=\"gallery-1-90\" \/><\/a>\n\t\t\t<\/dt>\n\t\t\t\t<dd class='wp-caption-text gallery-caption' id='gallery-1-90'>\n\t\t\t\tJukin ja Miinan kamari\n\t\t\t\t<\/dd><\/dl><dl class='gallery-item'>\n\t\t\t<dt class='gallery-icon landscape'>\n\t\t\t\t<a href='https:\/\/www.jukintuvankortteeri.fi\/?attachment_id=89'><img width=\"150\" height=\"150\" src=\"https:\/\/www.jukintuvankortteeri.fi\/wp-content\/uploads\/2013\/06\/DSCN0352-150x150.jpg\" class=\"attachment-thumbnail size-thumbnail\" alt=\"Karjaladon kaffila\" loading=\"lazy\" aria-describedby=\"gallery-1-89\" \/><\/a>\n\t\t\t<\/dt>\n\t\t\t\t<dd class='wp-caption-text gallery-caption' id='gallery-1-89'>\n\t\t\t\tKarjaladon kaffila\n\t\t\t\t<\/dd><\/dl><dl class='gallery-item'>\n\t\t\t<dt class='gallery-icon landscape'>\n\t\t\t\t<a href='https:\/\/www.jukintuvankortteeri.fi\/?attachment_id=88'><img width=\"150\" height=\"150\" src=\"https:\/\/www.jukintuvankortteeri.fi\/wp-content\/uploads\/2013\/06\/DSCN0343-150x150.jpg\" class=\"attachment-thumbnail size-thumbnail\" alt=\"Savusaunan saunakamari\" loading=\"lazy\" aria-describedby=\"gallery-1-88\" \/><\/a>\n\t\t\t<\/dt>\n\t\t\t\t<dd class='wp-caption-text gallery-caption' id='gallery-1-88'>\n\t\t\t\tSavusaunan saunakamari\n\t\t\t\t<\/dd><\/dl><br style=\"clear: both\" \/><dl class='gallery-item'>\n\t\t\t<dt class='gallery-icon portrait'>\n\t\t\t\t<a href='https:\/\/www.jukintuvankortteeri.fi\/?attachment_id=85'><img width=\"150\" height=\"150\" src=\"https:\/\/www.jukintuvankortteeri.fi\/wp-content\/uploads\/2013\/06\/DSCN0327-150x150.jpg\" class=\"attachment-thumbnail size-thumbnail\" alt=\"Tupa\" loading=\"lazy\" aria-describedby=\"gallery-1-85\" \/><\/a>\n\t\t\t<\/dt>\n\t\t\t\t<dd class='wp-caption-text gallery-caption' id='gallery-1-85'>\n\t\t\t\tTupa\n\t\t\t\t<\/dd><\/dl><dl class='gallery-item'>\n\t\t\t<dt class='gallery-icon portrait'>\n\t\t\t\t<a href='https:\/\/www.jukintuvankortteeri.fi\/?attachment_id=86'><img width=\"150\" height=\"150\" src=\"https:\/\/www.jukintuvankortteeri.fi\/wp-content\/uploads\/2013\/06\/DSCN0328-150x150.jpg\" class=\"attachment-thumbnail size-thumbnail\" alt=\"Keinutuolit ja takka\" loading=\"lazy\" aria-describedby=\"gallery-1-86\" \/><\/a>\n\t\t\t<\/dt>\n\t\t\t\t<dd class='wp-caption-text gallery-caption' id='gallery-1-86'>\n\t\t\t\tKeinutuolit ja takka\n\t\t\t\t<\/dd><\/dl><dl class='gallery-item'>\n\t\t\t<dt class='gallery-icon portrait'>\n\t\t\t\t<a href='https:\/\/www.jukintuvankortteeri.fi\/?attachment_id=87'><img width=\"150\" height=\"150\" src=\"https:\/\/www.jukintuvankortteeri.fi\/wp-content\/uploads\/2013\/06\/DSCN0329-150x150.jpg\" class=\"attachment-thumbnail size-thumbnail\" alt=\"Ruusan kamari\" loading=\"lazy\" aria-describedby=\"gallery-1-87\" \/><\/a>\n\t\t\t<\/dt>\n\t\t\t\t<dd class='wp-caption-text gallery-caption' id='gallery-1-87'>\n\t\t\t\tRuusan kamari\n\t\t\t\t<\/dd><\/dl><br style=\"clear: both\" \/><dl class='gallery-item'>\n\t\t\t<dt class='gallery-icon landscape'>\n\t\t\t\t<a href='https:\/\/www.jukintuvankortteeri.fi\/?attachment_id=84'><img width=\"150\" height=\"150\" src=\"https:\/\/www.jukintuvankortteeri.fi\/wp-content\/uploads\/2013\/06\/DSCN0311-150x150.jpg\" class=\"attachment-thumbnail size-thumbnail\" alt=\"Karjalato, savusauna ja pikkusauna\" loading=\"lazy\" aria-describedby=\"gallery-1-84\" \/><\/a>\n\t\t\t<\/dt>\n\t\t\t\t<dd class='wp-caption-text gallery-caption' id='gallery-1-84'>\n\t\t\t\tKarjalato, savusauna ja pikkusauna\n\t\t\t\t<\/dd><\/dl><dl class='gallery-item'>\n\t\t\t<dt class='gallery-icon landscape'>\n\t\t\t\t<a href='https:\/\/www.jukintuvankortteeri.fi\/?attachment_id=83'><img width=\"150\" height=\"150\" src=\"https:\/\/www.jukintuvankortteeri.fi\/wp-content\/uploads\/2013\/06\/DSCN0307-150x150.jpg\" class=\"attachment-thumbnail size-thumbnail\" alt=\"Luhti ja tie\" loading=\"lazy\" aria-describedby=\"gallery-1-83\" \/><\/a>\n\t\t\t<\/dt>\n\t\t\t\t<dd class='wp-caption-text gallery-caption' id='gallery-1-83'>\n\t\t\t\tLuhti ja tie\n\t\t\t\t<\/dd><\/dl><dl class='gallery-item'>\n\t\t\t<dt class='gallery-icon landscape'>\n\t\t\t\t<a href='https:\/\/www.jukintuvankortteeri.fi\/?attachment_id=81'><img width=\"150\" height=\"150\" src=\"https:\/\/www.jukintuvankortteeri.fi\/wp-content\/uploads\/2013\/06\/DSCN0201-150x150.jpg\" class=\"attachment-thumbnail size-thumbnail\" alt=\"Keitti\u00f6\" loading=\"lazy\" aria-describedby=\"gallery-1-81\" \/><\/a>\n\t\t\t<\/dt>\n\t\t\t\t<dd class='wp-caption-text gallery-caption' id='gallery-1-81'>\n\t\t\t\tKeitti\u00f6\n\t\t\t\t<\/dd><\/dl><br style=\"clear: both\" \/><dl class='gallery-item'>\n\t\t\t<dt class='gallery-icon landscape'>\n\t\t\t\t<a href='https:\/\/www.jukintuvankortteeri.fi\/?attachment_id=49'><img width=\"150\" height=\"150\" src=\"https:\/\/www.jukintuvankortteeri.fi\/wp-content\/uploads\/2013\/06\/IMG_1822-150x150.jpg\" class=\"attachment-thumbnail size-thumbnail\" alt=\"Talvikuva talosta\" loading=\"lazy\" aria-describedby=\"gallery-1-49\" \/><\/a>\n\t\t\t<\/dt>\n\t\t\t\t<dd class='wp-caption-text gallery-caption' id='gallery-1-49'>\n\t\t\t\tTalvikuva talosta\n\t\t\t\t<\/dd><\/dl><dl class='gallery-item'>\n\t\t\t<dt class='gallery-icon landscape'>\n\t\t\t\t<a href='https:\/\/www.jukintuvankortteeri.fi\/?attachment_id=48'><img width=\"150\" height=\"150\" src=\"https:\/\/www.jukintuvankortteeri.fi\/wp-content\/uploads\/2013\/06\/DSCN0294-150x150.jpg\" class=\"attachment-thumbnail size-thumbnail\" alt=\"Talo ja pihamaa\" loading=\"lazy\" aria-describedby=\"gallery-1-48\" \/><\/a>\n\t\t\t<\/dt>\n\t\t\t\t<dd class='wp-caption-text gallery-caption' id='gallery-1-48'>\n\t\t\t\tTalo ja pihamaa\n\t\t\t\t<\/dd><\/dl><dl class='gallery-item'>\n\t\t\t<dt class='gallery-icon landscape'>\n\t\t\t\t<a href='https:\/\/www.jukintuvankortteeri.fi\/?attachment_id=47'><img width=\"150\" height=\"150\" src=\"https:\/\/www.jukintuvankortteeri.fi\/wp-content\/uploads\/2013\/06\/DSCN0291-150x150.jpg\" class=\"attachment-thumbnail size-thumbnail\" alt=\"Talo pihalta\" loading=\"lazy\" aria-describedby=\"gallery-1-47\" \/><\/a>\n\t\t\t<\/dt>\n\t\t\t\t<dd class='wp-caption-text gallery-caption' id='gallery-1-47'>\n\t\t\t\tTalo pihalta\n\t\t\t\t<\/dd><\/dl><br style=\"clear: both\" \/><dl class='gallery-item'>\n\t\t\t<dt class='gallery-icon landscape'>\n\t\t\t\t<a href='https:\/\/www.jukintuvankortteeri.fi\/?attachment_id=46'><img width=\"150\" height=\"150\" src=\"https:\/\/www.jukintuvankortteeri.fi\/wp-content\/uploads\/2013\/06\/DSCN0279-150x150.jpg\" class=\"attachment-thumbnail size-thumbnail\" alt=\"Talo tielt\u00e4\" loading=\"lazy\" aria-describedby=\"gallery-1-46\" \/><\/a>\n\t\t\t<\/dt>\n\t\t\t\t<dd class='wp-caption-text gallery-caption' id='gallery-1-46'>\n\t\t\t\tTalo tielt\u00e4\n\t\t\t\t<\/dd><\/dl><dl class='gallery-item'>\n\t\t\t<dt class='gallery-icon landscape'>\n\t\t\t\t<a href='https:\/\/www.jukintuvankortteeri.fi\/?attachment_id=45'><img width=\"150\" height=\"150\" src=\"https:\/\/www.jukintuvankortteeri.fi\/wp-content\/uploads\/2013\/06\/DSCN0220-150x150.jpg\" class=\"attachment-thumbnail size-thumbnail\" alt=\"Tupa\" loading=\"lazy\" aria-describedby=\"gallery-1-45\" \/><\/a>\n\t\t\t<\/dt>\n\t\t\t\t<dd class='wp-caption-text gallery-caption' id='gallery-1-45'>\n\t\t\t\tTupa\n\t\t\t\t<\/dd><\/dl>\n\t\t\t<br style='clear: both' \/>\n\t\t<\/div>\n\n<p><\/p>","protected":false},"excerpt":{"rendered":"","protected":false},"author":1,"featured_media":0,"parent":0,"menu_order":3,"comment_status":"open","ping_status":"open","template":"","meta":[],"_links":{"self":[{"href":"https:\/\/www.jukintuvankortteeri.fi\/index.php?rest_route=\/wp\/v2\/pages\/11"}],"collection":[{"href":"https:\/\/www.jukintuvankortteeri.fi\/index.php?rest_route=\/wp\/v2\/pages"}],"about":[{"href":"https:\/\/www.jukintuvankortteeri.fi\/index.php?rest_route=\/wp\/v2\/types\/page"}],"author":[{"embeddable":true,"href":"https:\/\/www.jukintuvankortteeri.fi\/index.php?rest_route=\/wp\/v2\/users\/1"}],"replies":[{"embeddable":true,"href":"https:\/\/www.jukintuvankortteeri.fi\/index.php?rest_route=%2Fwp%2Fv2%2Fcomments&post=11"}],"version-history":[{"count":36,"href":"https:\/\/www.jukintuvankortteeri.fi\/index.php?rest_route=\/wp\/v2\/pages\/11\/revisions"}],"predecessor-version":[{"id":895,"href":"https:\/\/www.jukintuvankortteeri.fi\/index.php?rest_route=\/wp\/v2\/pages\/11\/revisions\/895"}],"wp:attachment":[{"href":"https:\/\/www.jukintuvankortteeri.fi\/index.php?rest_route=%2Fwp%2Fv2%2Fmedia&parent=11"}],"curies":[{"name":"wp","href":"https:\/\/api.w.org\/{rel}","templated":true}]}}