{"id":240,"date":"2014-08-02T15:02:05","date_gmt":"2014-08-02T12:02:05","guid":{"rendered":"http:\/\/www.jukintuvankortteeri.fi\/?page_id=240"},"modified":"2017-08-09T11:37:54","modified_gmt":"2017-08-09T08:37:54","slug":"cd-levyt-ja-kirjat","status":"publish","type":"page","link":"https:\/\/www.jukintuvankortteeri.fi\/?page_id=240","title":{"rendered":"CD-levyt ja kirjat"},"content":{"rendered":"<p>Meilt\u00e4 voit tilata kaskukirjaa &#8221;T\u00f6rki\u00e4n kolokon koriaa&#8221; hintaan 10\u20ac+postikulut, sek\u00e4 cd-levyj\u00e4 &#8221;Sin\u00e4 kes\u00e4n\u00e4 &#8211; ja talvena&#8221; hintaan 20 \u20ac \u00a0ja &#8221;Pyyhi rinnasta tummat pilkut&#8221;(Juha Saari ja joukko) hintaan 10 \u20ac + postikulut, sek\u00e4 Taito Saaren levy\u00e4 &#8221;Kupletin Taito&#8221; 10 \u20ac + postikulut. Kysy my\u00f6s vanhoja Taito Saaren kaskukirjoja.<\/p>","protected":false},"excerpt":{"rendered":"<p>Meilt\u00e4 voit tilata kaskukirjaa &#8221;T\u00f6rki\u00e4n kolokon koriaa&#8221; hintaan 10\u20ac+postikulut, sek\u00e4 cd-levyj\u00e4 &#8221;Sin\u00e4 kes\u00e4n\u00e4 &#8211; ja talvena&#8221; hintaan 20 \u20ac \u00a0ja &#8221;Pyyhi rinnasta tummat pilkut&#8221;(Juha Saari ja joukko) hintaan 10 \u20ac + postikulut, sek\u00e4 Taito Saaren levy\u00e4 &#8221;Kupletin Taito&#8221; 10 \u20ac &hellip; <a href=\"https:\/\/www.jukintuvankortteeri.fi\/?page_id=240\">Lue loppuun <span class=\"meta-nav\">&rarr;<\/span><\/a><\/p>\n","protected":false},"author":1,"featured_media":0,"parent":0,"menu_order":0,"comment_status":"open","ping_status":"open","template":"","meta":[],"_links":{"self":[{"href":"https:\/\/www.jukintuvankortteeri.fi\/index.php?rest_route=\/wp\/v2\/pages\/240"}],"collection":[{"href":"https:\/\/www.jukintuvankortteeri.fi\/index.php?rest_route=\/wp\/v2\/pages"}],"about":[{"href":"https:\/\/www.jukintuvankortteeri.fi\/index.php?rest_route=\/wp\/v2\/types\/page"}],"author":[{"embeddable":true,"href":"https:\/\/www.jukintuvankortteeri.fi\/index.php?rest_route=\/wp\/v2\/users\/1"}],"replies":[{"embeddable":true,"href":"https:\/\/www.jukintuvankortteeri.fi\/index.php?rest_route=%2Fwp%2Fv2%2Fcomments&post=240"}],"version-history":[{"count":7,"href":"https:\/\/www.jukintuvankortteeri.fi\/index.php?rest_route=\/wp\/v2\/pages\/240\/revisions"}],"predecessor-version":[{"id":414,"href":"https:\/\/www.jukintuvankortteeri.fi\/index.php?rest_route=\/wp\/v2\/pages\/240\/revisions\/414"}],"wp:attachment":[{"href":"https:\/\/www.jukintuvankortteeri.fi\/index.php?rest_route=%2Fwp%2Fv2%2Fmedia&parent=240"}],"curies":[{"name":"wp","href":"https:\/\/api.w.org\/{rel}","templated":true}]}}