{"id":39,"date":"2013-06-12T15:54:14","date_gmt":"2013-06-12T12:54:14","guid":{"rendered":"http:\/\/www.jukintuvankortteeri.fi\/?page_id=39"},"modified":"2024-08-09T10:42:31","modified_gmt":"2024-08-09T07:42:31","slug":"tarkista-varaustilanne","status":"publish","type":"page","link":"https:\/\/www.jukintuvankortteeri.fi\/?page_id=39","title":{"rendered":"Varaustilanne"},"content":{"rendered":"<p> Vesivahingon kuivaamisen vuoksi emme en\u00e4\u00e4 vastaaota asiakkaita t\u00e4n\u00e4 kes\u00e4n\u00e4. Kiitos kaikille!<\/p>\n\n\n\n<p>Tee varaus puhelimitse joko Juha 040 504 6341 tai Tuija 040 705 7976.<\/p>\n\n\n\n<p>Varattuna: 16.-17.8.24<\/p>\n\n\n\n<p><\/p>\n\n\n\n<p><\/p>\n\n\n\n<p>&#8211;<\/p>\n\n\n\n<p><\/p>","protected":false},"excerpt":{"rendered":"<p>Vesivahingon kuivaamisen vuoksi emme en\u00e4\u00e4 vastaaota asiakkaita t\u00e4n\u00e4 kes\u00e4n\u00e4. Kiitos kaikille! Tee varaus puhelimitse joko Juha 040 504 6341 tai Tuija 040 705 7976. Varattuna: 16.-17.8.24 &#8211;<\/p>\n","protected":false},"author":1,"featured_media":0,"parent":0,"menu_order":5,"comment_status":"closed","ping_status":"closed","template":"","meta":[],"_links":{"self":[{"href":"https:\/\/www.jukintuvankortteeri.fi\/index.php?rest_route=\/wp\/v2\/pages\/39"}],"collection":[{"href":"https:\/\/www.jukintuvankortteeri.fi\/index.php?rest_route=\/wp\/v2\/pages"}],"about":[{"href":"https:\/\/www.jukintuvankortteeri.fi\/index.php?rest_route=\/wp\/v2\/types\/page"}],"author":[{"embeddable":true,"href":"https:\/\/www.jukintuvankortteeri.fi\/index.php?rest_route=\/wp\/v2\/users\/1"}],"replies":[{"embeddable":true,"href":"https:\/\/www.jukintuvankortteeri.fi\/index.php?rest_route=%2Fwp%2Fv2%2Fcomments&post=39"}],"version-history":[{"count":242,"href":"https:\/\/www.jukintuvankortteeri.fi\/index.php?rest_route=\/wp\/v2\/pages\/39\/revisions"}],"predecessor-version":[{"id":934,"href":"https:\/\/www.jukintuvankortteeri.fi\/index.php?rest_route=\/wp\/v2\/pages\/39\/revisions\/934"}],"wp:attachment":[{"href":"https:\/\/www.jukintuvankortteeri.fi\/index.php?rest_route=%2Fwp%2Fv2%2Fmedia&parent=39"}],"curies":[{"name":"wp","href":"https:\/\/api.w.org\/{rel}","templated":true}]}}