{"id":8,"date":"2013-06-12T15:15:55","date_gmt":"2013-06-12T12:15:55","guid":{"rendered":"http:\/\/www.jukintuvankortteeri.fi\/?page_id=8"},"modified":"2022-07-11T10:09:40","modified_gmt":"2022-07-11T07:09:40","slug":"kapasiteetti","status":"publish","type":"page","link":"https:\/\/www.jukintuvankortteeri.fi\/?page_id=8","title":{"rendered":"Kapasiteetti"},"content":{"rendered":"<p>Kaksi kahden hengen huonetta (+ mahdolliset lapsivuoteet), Yksi huone jossa on kaksi kerross\u00e4nky\u00e4 nelj\u00e4lle, isotupa, jossa on yksi vuode ja mahdollisuus lis\u00e4vuoteisiin ryhm\u00e4varauksissa. Kes\u00e4ll\u00e4 kahden hengen vinttikamari.<\/p>\n<p>1. Jukin ja Miinan kamari, kaksoisvuode<br \/>\n2. Ruusan kamari, kaksoisvuode<br \/>\n3. Pikkukamari, kaksi kerross\u00e4nky\u00e4 yhteens\u00e4 nelj\u00e4lle<br \/>\n4. Tupa, yks\u00f6iss\u00e4nky ja tarvittaessa puhallettava kaksoiss\u00e4nky.<br \/>\n5. Vinttikamari kaksi yks\u00f6iss\u00e4nky\u00e4.<br \/>\n6. Vinttikamarin eteinen yks\u00f6is\u00e4nky.<br \/>\n7.Karjaladon alakamari kaksi yks\u00f6iss\u00e4nky\u00e4.<br \/>\nKiinteist\u00f6ss\u00e4 on WC ja keitti\u00f6. Pesutilat ovat pikkusaunassa, joka l\u00e4mmitet\u00e4\u00e4n halutessasi. Savusauna l\u00e4mmitet\u00e4\u00e4n eri tilauksesta. Mahdollsta on my\u00f6s vuokrata karjalatoon kunnostettua tanssisalia ja siell\u00e4 olevaa ruokailutilaa juhlia varten. Niihin on saatavissa yrityksest\u00e4 el\u00e4v\u00e4\u00e4 musiikkia ja ohjelma-apua.\u00a0 My\u00f6s ruokailu j\u00e4rjestyy tilauksesta pitopalvelujen tuotteilla. Yritys yll\u00e4pit\u00e4\u00e4 kiinteist\u00f6n, siivoaa, l\u00e4mmitt\u00e4\u00e4 saunat ja tarjoaa apua ongelmatilanteissa my\u00f6s englanniksi ja ruotsiksi.<\/p>\n<p><\/p>","protected":false},"excerpt":{"rendered":"<p>Kaksi kahden hengen huonetta (+ mahdolliset lapsivuoteet), Yksi huone jossa on kaksi kerross\u00e4nky\u00e4 nelj\u00e4lle, isotupa, jossa on yksi vuode ja mahdollisuus lis\u00e4vuoteisiin ryhm\u00e4varauksissa. Kes\u00e4ll\u00e4 kahden hengen vinttikamari. 1. Jukin ja Miinan kamari, kaksoisvuode 2. Ruusan kamari, kaksoisvuode 3. Pikkukamari, kaksi &hellip; <a href=\"https:\/\/www.jukintuvankortteeri.fi\/?page_id=8\">Lue loppuun <span class=\"meta-nav\">&rarr;<\/span><\/a><\/p>\n","protected":false},"author":1,"featured_media":0,"parent":0,"menu_order":1,"comment_status":"open","ping_status":"open","template":"","meta":[],"_links":{"self":[{"href":"https:\/\/www.jukintuvankortteeri.fi\/index.php?rest_route=\/wp\/v2\/pages\/8"}],"collection":[{"href":"https:\/\/www.jukintuvankortteeri.fi\/index.php?rest_route=\/wp\/v2\/pages"}],"about":[{"href":"https:\/\/www.jukintuvankortteeri.fi\/index.php?rest_route=\/wp\/v2\/types\/page"}],"author":[{"embeddable":true,"href":"https:\/\/www.jukintuvankortteeri.fi\/index.php?rest_route=\/wp\/v2\/users\/1"}],"replies":[{"embeddable":true,"href":"https:\/\/www.jukintuvankortteeri.fi\/index.php?rest_route=%2Fwp%2Fv2%2Fcomments&post=8"}],"version-history":[{"count":10,"href":"https:\/\/www.jukintuvankortteeri.fi\/index.php?rest_route=\/wp\/v2\/pages\/8\/revisions"}],"predecessor-version":[{"id":891,"href":"https:\/\/www.jukintuvankortteeri.fi\/index.php?rest_route=\/wp\/v2\/pages\/8\/revisions\/891"}],"wp:attachment":[{"href":"https:\/\/www.jukintuvankortteeri.fi\/index.php?rest_route=%2Fwp%2Fv2%2Fmedia&parent=8"}],"curies":[{"name":"wp","href":"https:\/\/api.w.org\/{rel}","templated":true}]}}