{"id":9,"date":"2013-06-12T15:16:16","date_gmt":"2013-06-12T12:16:16","guid":{"rendered":"http:\/\/www.jukintuvankortteeri.fi\/?page_id=9"},"modified":"2013-06-20T15:42:16","modified_gmt":"2013-06-20T12:42:16","slug":"sijainti","status":"publish","type":"page","link":"https:\/\/www.jukintuvankortteeri.fi\/?page_id=9","title":{"rendered":"Sijainti"},"content":{"rendered":"<p>V\u00e4lisaarentie 1, 69820 R\u00e4yrinki<\/p>\n<p>Jukintuvan l\u00e4heisyydess\u00e4:<br \/>\nKalaranta, mahdollisuus kalastukseen n. 500 m.<br \/>\nUimaranta Ahossa n. 3 km p\u00e4\u00e4ss\u00e4.<br \/>\nIsonkyl\u00e4n mets\u00e4t ulkoilua varten l\u00e4heisyydess\u00e4. Julkunevan alue patikointiet\u00e4isyydell\u00e4.<br \/>\nKyl\u00e4kauppa, kampaamo, pankki, leipomo 2.5 km p\u00e4\u00e4ss\u00e4.<\/p>\n<p>Et\u00e4isyydet:<br \/>\nKemoran moottorirata 14.6 km.<br \/>\nVetelin Uimahalli ja liikuntakeskus 12.8\u00a0 km.<br \/>\nKaustinen 21 km.<br \/>\nVetelin apteekki 13.4 km<br \/>\nTerveyskeskus 15.6 km<br \/>\nKokkola 66,5 km<br \/>\nPietarsaari-Kokkolan lentokentt\u00e4 60.4<br \/>\nKauhava 60,5 (l\u00e4hin junayhteys)<br \/>\nSein\u00e4joki 98.5 km<\/p>\n<p>Pohjanmaan pikavuoro liikenn\u00f6i 2.5.km p\u00e4\u00e4st\u00e4 3 kertaa viikossa. Suora yhteys Tampereelle ja Helsinkiin.<br \/>\n<script type=\"text\/javascript\" src=\"http:\/\/maps.google.com\/maps\/api\/js?sensor=false\"><\/script><script type=\"text\/javascript\">\/\/ <![CDATA[\nvar map;         var markersArray = [];         function initMap()         {             var latlng = new google.maps.LatLng(63.378064,23.776474);             var myOptions = {                 zoom: 7,                 center: latlng,                 mapTypeId: google.maps.MapTypeId.ROADMAP             }; \t\t\tmap = new google.maps.Map(document.getElementById(\"map_canvas\"), myOptions); \t\t\tvar marker = new google.maps.Marker({position: latlng, map: map}); \t\t}\n\/\/ ]]><\/script><br \/>\n<script type=\"text\/javascript\">\/\/ <![CDATA[\nwindow.onload = function () {initMap();}\n\/\/ ]]><\/script><\/p>\n<div id=\"map_canvas\" style=\"height: 320px; width: 550px;\"><\/div>\n<p><\/p>","protected":false},"excerpt":{"rendered":"<p>V\u00e4lisaarentie 1, 69820 R\u00e4yrinki Jukintuvan l\u00e4heisyydess\u00e4: Kalaranta, mahdollisuus kalastukseen n. 500 m. Uimaranta Ahossa n. 3 km p\u00e4\u00e4ss\u00e4. Isonkyl\u00e4n mets\u00e4t ulkoilua varten l\u00e4heisyydess\u00e4. Julkunevan alue patikointiet\u00e4isyydell\u00e4. Kyl\u00e4kauppa, kampaamo, pankki, leipomo 2.5 km p\u00e4\u00e4ss\u00e4. Et\u00e4isyydet: Kemoran moottorirata 14.6 km. Vetelin Uimahalli &hellip; <a href=\"https:\/\/www.jukintuvankortteeri.fi\/?page_id=9\">Lue loppuun <span class=\"meta-nav\">&rarr;<\/span><\/a><\/p>\n","protected":false},"author":1,"featured_media":0,"parent":0,"menu_order":1,"comment_status":"open","ping_status":"open","template":"","meta":[],"_links":{"self":[{"href":"https:\/\/www.jukintuvankortteeri.fi\/index.php?rest_route=\/wp\/v2\/pages\/9"}],"collection":[{"href":"https:\/\/www.jukintuvankortteeri.fi\/index.php?rest_route=\/wp\/v2\/pages"}],"about":[{"href":"https:\/\/www.jukintuvankortteeri.fi\/index.php?rest_route=\/wp\/v2\/types\/page"}],"author":[{"embeddable":true,"href":"https:\/\/www.jukintuvankortteeri.fi\/index.php?rest_route=\/wp\/v2\/users\/1"}],"replies":[{"embeddable":true,"href":"https:\/\/www.jukintuvankortteeri.fi\/index.php?rest_route=%2Fwp%2Fv2%2Fcomments&post=9"}],"version-history":[{"count":16,"href":"https:\/\/www.jukintuvankortteeri.fi\/index.php?rest_route=\/wp\/v2\/pages\/9\/revisions"}],"predecessor-version":[{"id":829,"href":"https:\/\/www.jukintuvankortteeri.fi\/index.php?rest_route=\/wp\/v2\/pages\/9\/revisions\/829"}],"wp:attachment":[{"href":"https:\/\/www.jukintuvankortteeri.fi\/index.php?rest_route=%2Fwp%2Fv2%2Fmedia&parent=9"}],"curies":[{"name":"wp","href":"https:\/\/api.w.org\/{rel}","templated":true}]}}